{"id":8512,"date":"2021-12-13T06:35:05","date_gmt":"2021-12-13T05:35:05","guid":{"rendered":"https:\/\/www.cars-region-savoie.fr\/rgpd\/"},"modified":"2022-10-19T16:30:05","modified_gmt":"2022-10-19T14:30:05","slug":"rgpd","status":"publish","type":"page","link":"https:\/\/www.cars-region-savoie.fr\/en\/rgpd\/","title":{"rendered":"Gestion des cookies"},"content":{"rendered":"\n<p>Les pr\u00e9sentes Conditions Particuli\u00e8res compl\u00e8tent les Conditions G\u00e9n\u00e9rales d\u2019Utilisation du Site, accessibles <a href=\"https:\/\/www.cars-region-savoie.fr\/conditions-generales-dutilisation\/\">ici<\/a>.<\/p>\n\n\n\n<p>Lors de la consultation de notre Site, des cookies et d&#8217;autres technologies connexes (pour plus de commodit\u00e9, toutes les technologies sont appel\u00e9es &#8220;cookies&#8221;) sont d\u00e9pos\u00e9s par l\u2019Editeur et\/ou des tiers sur votre ordinateur, votre mobile ou votre tablette, via notre navigateur. Vous retrouverez les coordonn\u00e9es de l\u2019Editeur <a href=\"https:\/\/www.cars-region-savoie.fr\/en\/legal-notices\/\">ici<\/a>.<\/p>\n\n\n\n<h2 class=\"wp-block-heading\">Gestion des cookies et traceurs<\/h2>\n\n\n\n<h3 class=\"wp-block-heading\">Qu&#8217;est ce qu&#8217;un cookie\/ traceur ?<\/h3>\n\n\n\n<p>Un cookie est un petit fichier texte d\u00e9pos\u00e9 sur votre ordinateur lors de la visite d&#8217;un site ou de la consultation d&#8217;une publicit\u00e9. Comme d\u2019autres technologies de tra\u00e7age ils ont notamment pour but de collecter des informations relatives \u00e0 votre navigation sur les sites et de vous adresser des services personnalis\u00e9s. Diff\u00e9rents types de traceurs peuvent \u00eatre utilis\u00e9s sur notre site : cookies http, cookies en stockage local, cookies flash, fingerprinting, pixels ou autres identifiants de tra\u00e7age&#8230;<\/p>\n\n\n\n<p>Le Site est con\u00e7u pour \u00eatre particuli\u00e8rement attentif aux besoins et attentes de nos clients et utilisateurs. C&#8217;est entre autres pour cela que nous faisons usage de cookies afin par exemple de vous identifier et acc\u00e9der \u00e0 votre compte, g\u00e9rer votre panier de commande, m\u00e9moriser vos consultations et personnaliser les offres que nous vous proposons et les publicit\u00e9s que vous visualisez sur notre site ou en dehors. &nbsp;Les informations qui y sont stock\u00e9es peuvent \u00eatre renvoy\u00e9es \u00e0 nos serveurs ou aux serveurs des tiers concern\u00e9s lors d&#8217;une visite ult\u00e9rieure.<\/p>\n\n\n\n<h2 class=\"wp-block-heading\"><strong>Comment g\u00e9rer les cookies ?<\/strong><\/h2>\n\n\n\n<p>Le d\u00e9p\u00f4t des cookies est soumis \u00e0 votre consentement sauf s\u2019ils sont strictement n\u00e9cessaires au fonctionnement du Site et \u00e0 la fourniture de nos Services.<\/p>\n\n\n\n<p>Vous consentez au d\u00e9p\u00f4t des cookies dont l&#8217;information vous est communiqu\u00e9e dans le bandeau d&#8217;information cookies visible lors de votre premi\u00e8re connexion au Site en cliquant sur le bouton \u00ab&nbsp;Accepter&nbsp;\u00bb ou&nbsp;\u00ab&nbsp;Tout accepter&nbsp;\u00bb figurant sur le bandeau ;<\/p>\n\n\n\n<p>L&#8217;accord ainsi donn\u00e9 est valable pour la dur\u00e9e de 6 mois \u00e0 compter du premier d\u00e9p\u00f4t dans l&#8217;\u00e9quipement du terminal.<\/p>\n\n\n\n<p>Vous refusez ou param\u00e9trez l&#8217;enregistrement de cookies dans votre terminal ou navigateur en&nbsp;:<\/p>\n\n\n\n<ul class=\"wp-block-list\"><li>cliquant sur le bouton \u00ab&nbsp;Refuser \u00bb dans le bandeau<\/li><\/ul>\n\n\n\n<ul class=\"wp-block-list\"><li>param\u00e9trant vos choix dans le gestionnaire de cookies accessible depuis le bouton \u00ab&nbsp;Personnaliser\u00bb<\/li><\/ul>\n\n\n\n<p>A noter : Les cookies strictement n\u00e9cessaires ne peuvent pas \u00eatre refus\u00e9s car ils sont n\u00e9cessaires au fonctionnement du site et \u00e0 la fourniture de nos services, ils peuvent \u00e9galement nous servir \u00e0 g\u00e9rer vos consentements ou \u00e0 la lutte contre la fraude par exemple.<\/p>\n\n\n\n<p>Si vous refusez le d\u00e9p\u00f4t des cookies non n\u00e9cessaires, vous \u00eates inform\u00e9 que votre navigation et votre exp\u00e9rience sur le Site peuvent \u00eatre d\u00e9grad\u00e9es.<\/p>\n\n\n\n<p>Si vous ne l&#8217;avez pas fait depuis le bandeau d&#8217;information lors de votre arriv\u00e9e sur notre Site, vous pouvez \u00e0 tout moment accepter ou refuser les cookies via notre gestionnaire de cookies accessible en bas de cette page.<\/p>\n\n\n\n<p>Dans ce gestionnaire de cookies vous trouverez notamment des informations relatives au nom de chaque cookie, \u00e0 sa cat\u00e9gorie, sa finalit\u00e9, \u00e0 sa dur\u00e9e de conservation, le cas \u00e9ch\u00e9ant le lien hypertextes vous permettant d\u2019identifier les conditions applicables \u00e0 certains cookies d\u00e9pos\u00e9s par des tiers partenaires.<\/p>\n\n\n\n<p>Vous \u00eates inform\u00e9 que les partenaires de l&#8217;\u00e9diteur et d\u2019autre tiers peuvent \u00eatre amen\u00e9s \u00e0 d\u00e9poser des cookies sur le Site en tant que responsables des traitements de donn\u00e9es qui peuvent en r\u00e9sulter. Vous pouvez consulter la liste des partenaires dans le gestionnaire de cookies accessible depuis le bouton \u00ab&nbsp;g\u00e9rer mes cookies&nbsp;\u00bb. L&#8217;\u00e9mission et l&#8217;utilisation de cookies par des tiers sont \u00e9galement soumises aux politiques de confidentialit\u00e9 de ces tiers en compl\u00e9ment des pr\u00e9sentes. En cons\u00e9quence, nous vous recommandons de vous rendre sur les sites de ces tiers pour plus d&#8217;informations sur les cookies qu&#8217;ils enregistrent et comment les g\u00e9rer.<\/p>\n\n\n\n<h2 class=\"wp-block-heading\"><strong>Param\u00e9trez votre navigateur<\/strong><\/h2>\n\n\n\n<p>Vous pouvez utiliser votre navigateur Internet pour supprimer automatiquement ou manuellement les cookies.&nbsp;Vous pouvez \u00e9galement sp\u00e9cifier que certains cookies ne peuvent pas \u00eatre d\u00e9pos\u00e9s.&nbsp;Une autre option consiste \u00e0 modifier les param\u00e8tres de votre navigateur Internet afin que vous receviez un message \u00e0 chaque fois qu&#8217;un cookie est plac\u00e9.&nbsp;Pour plus d&#8217;informations sur ces options, veuillez-vous reporter aux instructions de la section Aide de votre navigateur.<\/p>\n\n\n\n<p>Veuillez noter que notre Site peut ne pas fonctionner correctement si tous les cookies sont d\u00e9sactiv\u00e9s.&nbsp;Si vous supprimez les cookies de votre navigateur, ils seront \u00e0 nouveau plac\u00e9s apr\u00e8s votre consentement lorsque vous visiterez \u00e0 nouveau notre Site.<\/p>\n\n\n\n<h2 class=\"wp-block-heading\"><strong>Exercer vos droits en mati\u00e8re de donn\u00e9es \u00e0 caract\u00e8re personnel<\/strong> <\/h2>\n\n\n\n<p>Pour en savoir plus sur nos politiques en mati\u00e8re de traitement des donn\u00e9es \u00e0 caract\u00e8re personnel, identifier les droits que vous d\u00e9tenez sur les donn\u00e9es vous concernant et comment les exercer, nous vous invitons \u00e0 consultez nos&nbsp;Conditions Particuli\u00e8res &#8211; Protection des Donn\u00e9es \u00e0 Caract\u00e8re Personnel <a href=\"https:\/\/www.cars-region-savoie.fr\/conditions-particulieres-protection-des-donnees-a-caractere-personnel\/\">ici<\/a>.<\/p>\n\n\n\n<h2 class=\"wp-block-heading\"><strong>Mises \u00e0 jour et modifications des Conditions Particuli\u00e8res<\/strong> <\/h2>\n\n\n\n<p>Nous nous r\u00e9servons le droit de modifier \u00e0 tout moment ces Conditions Particuli\u00e8res sur la Gestion des cookies. Leur date d\u2019entr\u00e9e en vigueur est mentionn\u00e9e en d\u00e9but de texte. Veuillez-vous y r\u00e9f\u00e9rer p\u00e9riodiquement et plus particuli\u00e8rement chaque fois que vous acceptez que soient enregistr\u00e9s des cookies dans vos \u00e9quipements.<\/p>\n\n\n\n<h2 class=\"wp-block-heading\">Pr\u00e9f\u00e9rences pour tous les services<\/h2>\n","protected":false},"excerpt":{"rendered":"<p>Les pr\u00e9sentes Conditions Particuli\u00e8res compl\u00e8tent les Conditions G\u00e9n\u00e9rales d\u2019Utilisation du Site, accessibles ici. Lors de la consultation de notre Site, des cookies et d&#8217;autres technologies connexes (pour plus de commodit\u00e9, toutes les technologies sont appel\u00e9es &#8220;cookies&#8221;) sont d\u00e9pos\u00e9s par l\u2019Editeur et\/ou des tiers sur votre ordinateur, votre mobile ou votre tablette, via notre navigateur. Vous [&hellip;]<\/p>\n","protected":false},"author":1,"featured_media":0,"parent":0,"menu_order":0,"comment_status":"closed","ping_status":"closed","template":"","meta":{"_acf_changed":false,"footnotes":""},"class_list":["post-8512","page","type-page","status-publish","hentry"],"acf":[],"publishpress_future_action":{"enabled":false,"date":"2026-05-07 04:09:00","action":"change-status","newStatus":"draft","terms":[],"taxonomy":"translation_priority","extraData":[]},"publishpress_future_workflow_manual_trigger":{"enabledWorkflows":[]},"_links":{"self":[{"href":"https:\/\/www.cars-region-savoie.fr\/en\/wp-json\/wp\/v2\/pages\/8512","targetHints":{"allow":["GET"]}}],"collection":[{"href":"https:\/\/www.cars-region-savoie.fr\/en\/wp-json\/wp\/v2\/pages"}],"about":[{"href":"https:\/\/www.cars-region-savoie.fr\/en\/wp-json\/wp\/v2\/types\/page"}],"author":[{"embeddable":true,"href":"https:\/\/www.cars-region-savoie.fr\/en\/wp-json\/wp\/v2\/users\/1"}],"replies":[{"embeddable":true,"href":"https:\/\/www.cars-region-savoie.fr\/en\/wp-json\/wp\/v2\/comments?post=8512"}],"version-history":[{"count":1,"href":"https:\/\/www.cars-region-savoie.fr\/en\/wp-json\/wp\/v2\/pages\/8512\/revisions"}],"predecessor-version":[{"id":8513,"href":"https:\/\/www.cars-region-savoie.fr\/en\/wp-json\/wp\/v2\/pages\/8512\/revisions\/8513"}],"wp:attachment":[{"href":"https:\/\/www.cars-region-savoie.fr\/en\/wp-json\/wp\/v2\/media?parent=8512"}],"curies":[{"name":"wp","href":"https:\/\/api.w.org\/{rel}","templated":true}]}}