{"id":8404,"date":"2022-10-17T21:11:53","date_gmt":"2022-10-17T19:11:53","guid":{"rendered":"https:\/\/www.cars-region-savoie.fr\/?page_id=8404"},"modified":"2023-09-29T12:34:03","modified_gmt":"2023-09-29T10:34:03","slug":"general-conditions-of-the-tickets-sales","status":"publish","type":"page","link":"https:\/\/www.cars-region-savoie.fr\/en\/general-conditions-of-the-tickets-sales\/","title":{"rendered":"General Conditions of the Tickets Sales"},"content":{"rendered":"\n<p><strong>This section concerns the General Conditions of the Ticket Sale.<\/strong><br><strong>The General Transport Conditions are specific to each bus company. They are available by clicking&nbsp;<a href=\"\/general-conditions-of-bus-companies\/\" target=\"_blank\" rel=\"noreferrer noopener\">here<\/a>.<\/strong><\/p>\n\n\n\n<p><strong>Article 1 DEFINITIONS<\/strong><\/p>\n\n\n\n<p>Each of the terms mentioned below shall have the following meaning throughout these General Conditions (hereafter referred to as \u201cthe General Conditions\u201d):<\/p>\n\n\n\n<p><strong>\u201ce-Ticket\u201d<\/strong>: refers to the digital tickets. The e-tickets can be displayed on a screen (Smartphone, tablet, etc.) or printed on an A4 sized paper (colour copy or black and white).<\/p>\n\n\n\n<p><strong>\u201cTransporter\u201d<\/strong>: Passenger transport company offering coach connections on the Cars R\u00e9gion Savoie transport network. The Transporter\u2019s bus tickets can be purchased through the Cars R\u00e9gion Savoie Customer relations centre in the territory covered by it.<\/p>\n\n\n\n<p><strong>\u201cReservation centre<\/strong><strong>\u201d<\/strong>: Ticket sales service, in the name and on behalf of the Transporters of the Cars R\u00e9gion Savoie network. It\u2019s available online on the cars-region-savoie.fr website or by telephone with the operators of the Customer Relations Centre.<\/p>\n\n\n\n<p><strong>\u201cCustomer relations centre\u201d<\/strong>: The call centre for customers who wish to access the Reservation centre services by telephone at +33 4 8000 7000 or by email at mobisavoie@auvergnerhonealpes.fr<\/p>\n\n\n\n<p><strong>\u201cCustomer\u201d<\/strong>: Physical person, not acting in a professional capacity, who uses the Reservation centre services. The Customer declares that it is capable of finalising the General Conditions, i.e. being a legal adult and not requiring tutorship or guardianship.<\/p>\n\n\n\n<p><strong>\u201cTransport ticket or Ticket(s)\u201d:<\/strong>&nbsp;Refer to e-tickets.<\/p>\n\n\n\n<p><strong>Article 2. PURPOSE<\/strong><\/p>\n\n\n\n<p><strong>2.1&nbsp;<\/strong>The purpose of the General Conditions is to inform the conditions of the supply to Customers of the service provided by the Reservation centre such as defined in Article 1 above (presentation of offers from Transporters, sale of tickets). They are applicable to all of the orders placed with the Transporters via the Cars R\u00e9gion Savoie reservation centre.<\/p>\n\n\n\n<p>The purpose of the General Conditions is not to govern the conditions of the transport contracts concluded between the Customers and each Transporter through Cars R\u00e9gion Savoie, which are governed by the conditions of transport of each Transporter in question, as is stated in Article 9 below.<\/p>\n\n\n\n<p><strong>2.2.&nbsp;<\/strong>The order for Transport tickets using the Cars R\u00e9gion Savoie reservation centre is only intended for Customers who have read and accepted the General Conditions, by ticking the box during the online reservation process or by giving oral consent via telephone.<\/p>\n\n\n\n<p>The fact that the Customer has paid for his order implies acceptance without reservations of the General Conditions in their entirety.<\/p>\n\n\n\n<p><strong>Article 3. DESCRIPTION AND AVAILABILITY OF THE SERVICE<\/strong><\/p>\n\n\n\n<p><strong>3.1<\/strong>&nbsp;Cars R\u00e9gion Savoie provides its Customers with a system for viewing offers from various Transporters regarding bus connections available between the bus terminals and regional airports and the primary touristic destinations and winter sports centres.<\/p>\n\n\n\n<p>These offers particularly specify the routes in question (destination \u2013 departure place, date, time) and the current rates.<\/p>\n\n\n\n<p>The Customer, after reading the transport offers as well as the General Conditions of Sale on the Website, has the option of purchasing and paying for the selected Transport tickets.<\/p>\n\n\n\n<p><strong>3.2&nbsp;<\/strong>The Cars R\u00e9gion Savoie reservation centre service can be accessed through the website cars-region-savoie.fr 24 hours \u00e0 day, 7 days \u00e0 week. Nevertheless, owing to the nature of the Internet, Cars R\u00e9gion Savoie cannot guarantee a complete lack of interruptions in the functioning of the Service, and thus declines any liability in this regard.<\/p>\n\n\n\n<p>Similarly, it is not guaranteed that the Cars R\u00e9gion Savoie website will be free of any computer anomalies or bugs, or that these will be resolved. It is not guaranteed that the site will function without any interruptions or breakdowns, or that it will be compatible with a particular hardware or configuration other than which is expressly validated by Cars R\u00e9gion Savoie.<\/p>\n\n\n\n<p>In no case shall Cars R\u00e9gion Savoie be held liable for any type of foreseeable or unforeseeable damage resulting from the use or from the complete or partial impossibility of using the Cars R\u00e9gion Savoie website.<\/p>\n\n\n\n<p>The Customer declares that it is aware of the characteristics and limitations of the Internet, and in particular, its technical performances, response times for viewing, interrogating or transferring data and the risks related to the security of communications.<\/p>\n\n\n\n<p>The Customer declares that it has verified that the computer configuration that it uses does not contain any virus and that is in perfect operating condition.<\/p>\n\n\n\n<p>The Customer acknowledges and expressly declares that it renounces all claims regarding any possible direct or indirect damages that may result because of interruption of service.<\/p>\n\n\n\n<p><strong>3.3.\u00a0<\/strong>The Cars R\u00e9gion Savoie reservation centre service may also be accessed via telephoning the Customer relations centre, on working days, in winters from Monday to Saturday from 08:00 to 19:00 hours (January 1<sup>st<\/sup>\u00a0and December 25<sup>th<\/sup>\u00a0included) at +33 4 8000 7000.<\/p>\n\n\n\n<p><strong>Article 4. ORDER AND SHIPMENT OF TICKETS<\/strong><\/p>\n\n\n\n<p><strong>4.1&nbsp;<\/strong>The customer can place an order for Transport tickets via the Reservation centre up to the time of departure. The period for purchasing an e-ticket may vary among transporters: from 48 hours to the last minute.<\/p>\n\n\n\n<p>For the bus departure from airport of Chambery to the Tarentaise and the Maurienne resorts, the reservation may be done up to the time of departure, provided that seats are available in the bus in question going towards the Ski stations. From the Ski resorts or bus terminals towards airports, the tickets for the airport at Chambery&nbsp; must be reserved at the latest 48 hours before the date of departure, via the site cars-region-savoie.fr.<\/p>\n\n\n\n<p>On the regular tourist lines of the Cars R\u00e9gion Savoie network, People with Reduced Mobility who require suitable transport are transported using special vehicles, only on Saturday, and at the same times as regular lines.<\/p>\n\n\n\n<p>The service is ensured only for prior reservations, at the latest 7 days before the departure, by calling +33 479 753 613.<\/p>\n\n\n\n<p>The e-tickets are sent via e-mail to the address indicated by the Customer; payment can be done by card.<\/p>\n\n\n\n<p>The e-tickets may be modified according to Article 7 of these General Conditions of Sale.<\/p>\n\n\n\n<p>The e-tickets may be reimbursed according to Article 8 of these General Conditions of Sale.<\/p>\n\n\n\n<p><strong>4.2&nbsp;<\/strong>The customer may place its order via telephone with the Customer relations centre or online on the cars-region-savoie.fr website.<\/p>\n\n\n\n<p>In any event, it has the following choices:<\/p>\n\n\n\n<p>\u2013 places of departure and arrival<\/p>\n\n\n\n<p>\u2013 dates and times<\/p>\n\n\n\n<p>\u2013 number and category of travellers<\/p>\n\n\n\n<p>The Customer must then provide some information (particularly regarding the identity of the travellers); it undertakes to provide reliable and authentic information during the various stages of the order.<\/p>\n\n\n\n<p><strong>4.3&nbsp;<\/strong>In the event of an order via the cars-region-savoie.fr website, the Customer will mark its acceptance of General Conditions of sale by ticking the box provided for this purpose.<\/p>\n\n\n\n<p>The customer will be shown a summary at the end of the order. The latter may then confirm its order by clicking on the corresponding box and carry out its payment online.&nbsp;It is the customer\u2019s responsibility to verify their shopping cart before paying for the reservation. In case of an error message during payment, the Customer may contact the Customer Relations Centre.<\/p>\n\n\n\n<p>After the order, you will receive a digital confirmation of the order.<\/p>\n\n\n\n<p>For informational purposes, the e-ticket is generated and automatically sent to the customer\u2019s email address instantly. However, certain technical constraints may slow down the process, and the receipt of the e-ticket by the Customer may take a few hours. In the event there is an anomaly or if the e-ticket is not received via email, the Customer must contact (by telephone or email) the Cars R\u00e9gion Savoie Customer relations centre before the departure (+ 33 4 79 68 32 96 or info@altibus.com).<\/p>\n\n\n\n<p><strong>The Customer is obligated to show his e-ticket when boarding the bus.&nbsp;<\/strong>The ticket must be retained throughout the journey. The e-ticket may either be printed on an A4 size paper or shown on a screen (smartphone, tablet, etc,) provided that it is clearly readable.&nbsp;<strong>All illegible e-tickets (whether it\u2019s a bad quality print or if the smartphone\u2019s battery runs out) will be refused&nbsp;<\/strong>and the Customer will have to pay for another ticket to travel.<\/p>\n\n\n\n<p><strong>The order confirmation email and the payment acknowledgement cannot be shown instead of a ticket.<\/strong><\/p>\n\n\n\n<p><strong>4.4.&nbsp;<\/strong>In case of a telephone order via the Customer relations centre, the operator shall provide an oral summary of the order to the Customer to which the latter has to agree for the order to be registered. An order number will be communicated to the Customer.<\/p>\n\n\n\n<p>The Transport ticket(s) will be sent by email to the Customer, to the address mentioned during the order, once Cars R\u00e9gion Savoie receives payment for the order from the Customer.<\/p>\n\n\n\n<p>In the event the Customer does not receive the tickets, the latter must contact the Cars R\u00e9gion Savoie Customer relations centre (+33 4 79 68 32 96) in the appropriate time frame before the departure. The requests for re-sending tickets shall not be processed on the day of the departure. No reimbursement will be provided on the day of departure in case tickets are not received.<\/p>\n\n\n\n<p><strong>Article 5. FINANCIAL CONDITIONS<\/strong><\/p>\n\n\n\n<p><strong>5.1&nbsp;<\/strong>The Transporters\u2019 rates mentioned on the cars-region-savoie.fr website or by the operators in the Customer relations centre shall be in Euros and inclusive of taxes.<\/p>\n\n\n\n<p>The Transporters\u2019 rates are likely to be modified:<\/p>\n\n\n\n<p>\u2013 for the lines in the Cars R\u00e9gion Savoie network: once a year in September<\/p>\n\n\n\n<p>The rate applicable for a given order is the one in force at the time of the journey.<\/p>\n\n\n\n<p><strong>5.2&nbsp;<\/strong>Orders placed via the cars-region-savoie.fr website have to be paid using cards (Debit card, VISA, MASTERCARD) exclusively through an SSL secure payment portal. Cars R\u00e9gion Savoie has adopted the SSL encryption process, which ensures the reliability of exchanges and transactions by encryption all private data necessary for the order, such as addresses, e-mail and bank details, when they are entered. The accepted bank cards are identified by an icon at the time of payment.<\/p>\n\n\n\n<p><strong>5.3&nbsp;<\/strong>Orders placed via the Customer relations centre required payment by card during the order.<\/p>\n\n\n\n<p><strong>5.4<\/strong>&nbsp;The Transport tickets are sent only after the order is completely paid for.<\/p>\n\n\n\n<p><strong>Article 6. DEFINITIVE ORDER \u2013 PROOF OF ORDER<\/strong><\/p>\n\n\n\n<p><strong>6.1&nbsp;<\/strong>In compliance with Article L121-16-1)9\u00b0 of the consumer code, the retraction period of 14 days is not applicable to orders placed pursuant to the application of these Conditions.<\/p>\n\n\n\n<p>The Customer\u2019s order is fixed, definitive and irrevocable, after it pays the amount, subject to the contents of Articles 7 and 8 below.<\/p>\n\n\n\n<p><strong>6.2&nbsp;<\/strong>Through express agreement, the data obtained from the Article computer system constitute written accounts within the meaning of Article 1316-1 of the civil code, since the link between these data and the Customer to which they belong is assumed till proof is provided to the contrary. They thus constitute proof among the Parties and may be enforced against them in the same manner and under the same conditions, and with the same legal status as any document which may have been physically written and signed by the Parties.<\/p>\n\n\n\n<p><strong>Article 7. MODIFICATIONS<\/strong><\/p>\n\n\n\n<p>By exemption to the contents of Article 6 above, the Customer may request the modification of the time and date of his reservation in certain cases:<\/p>\n\n\n\n<p>For regular lines on the Cars R\u00e9gion Savoie network (except lines departing from Chamb\u00e9ry airport), the modification can be made, 48 hours before the first booked departure, on cars-region-savoie.fr in the \u201c<a href=\"https:\/\/billet.vente-bellesavoieexpress.fr\/en#\/modification\/identification\" target=\"_blank\" rel=\"noreferrer noopener\">Modify my ticket<\/a>\u201d section, or by calling +33 4 8000 7000, subject to availability on board the coach on the new schedule chosen.<\/p>\n\n\n\n<p>The customer can modify his ticket:<\/p>\n\n\n\n<p>\u2013 Free of charge via the \u00ab&nbsp;Modify your ride&nbsp;\u00bb part of the website for a modification of date(s) and\/or time(s).<\/p>\n\n\n\n<p>The Customer may also contact the Customer Relations Centre, to which he\/she will communicate his\/her order number and the desired changes.<\/p>\n\n\n\n<p>\u2013 From December 10th, in case of modification, due to a destination error, a modification fee will be applied. The customer will have to make a new purchase and send his request by email to info@altibus.com<\/p>\n\n\n\n<p>\u00b7 From 8 to 30 calendar days before departure: modification fee 5,00\u20ac<\/p>\n\n\n\n<p>\u00b7 Up to 3 to 7 calendar days before departure: modification fee 8,00\u20ac<\/p>\n\n\n\n<p>\u00b7 Up to 2 days before departure: modification fee 10,00\u20ac<\/p>\n\n\n\n<p>Modifications for Monday or the day after a holiday shall be carried out 48 hours before departure.<\/p>\n\n\n\n<p>Cars R\u00e9gion Savoie will do its utmost to make the desired modification according to the availability of the Bus carriers concerned. Cars R\u00e9gion Savoie cannot, however, guarantee that the modification can in any case be made.<\/p>\n\n\n\n<p><strong>A modified ticket cannot be refunded.<\/strong>&nbsp;Any other modification request (number of seats, type of ticket etc.) will be considered as a cancellation.<\/p>\n\n\n\n<p><strong>Article 8. CANCELLATION AND REIMBURSEMENTS<\/strong><\/p>\n\n\n\n<p><strong>8.1<\/strong>&nbsp;By exemption to Article 6 above, in case of an order placed through the Reservation centre for tickets dispatched by Cars R\u00e9gion Savoie, the Customer may cancel his reservation by mail (at Altibus \u2013 R\u00e9seau Cars R\u00e9gion Savoie \u2013&nbsp;&nbsp;926 avenue de la Houille Blanche \u2013 73000 Chamb\u00e9ry \u2013 France) or e-mail (at info@altibus.com) only, and request the reimbursement of the amounts paid for the Transport ticket(s) depending on the General Conditions of Sale which may be consulted here. The cancellation request will be taken into consideration on the date of receipt of the mail from the Customer. The mail Tickets enclosed with the cancellation request letter must not be modified, scratched or altered in any manner. This is a condition precedent for reimbursement.<\/p>\n\n\n\n<p>A modified ticket cannot be reimbursed.<\/p>\n\n\n\n<p>Round-trip tickets are not separable. Changes or cancellations concern the booking file as a whole, so it is not possible to change or cancel a single passenger or journey. The reimbursement rate will be defined according to the date of the first transfer and the bus company.<\/p>\n\n\n\n<p>The refund is made to the Credit Card used for the purchase. If it\u2019s no longer possible to make the refund on the Credit Card (expired card, e-card\u2026), the refund will be made by bank transfer. A handling fee of 10\u20ac will be applied.<\/p>\n\n\n\n<p><strong>Cancellation fees apply depending on the date of receipt of the cancellation request.<\/strong><\/p>\n\n\n\n<p><strong>Conditions of cancellation for Cars R\u00e9gion Savoie e-tickets (E-tickets starting with MOG, BSG, SAG, AIG, MSG, CCM)<\/strong><\/p>\n\n\n\n<figure class=\"wp-block-table is-style-stripes\"><table><tbody><tr><td>More than 15 calendar days before departure<\/td><td>&nbsp;Refund: 95% of the basket less \u20ac5.00 cancellation fee<\/td><\/tr><tr><td>From 8 to 15 calendar days before departure<\/td><td>&nbsp;Refund: 85% of the basket&nbsp;less \u20ac8.00 cancellation fee<\/td><\/tr><tr><td>&nbsp;From 1 to 7 calendar days before departure<\/td><td>&nbsp;Refund: 50% of the basket&nbsp;less \u20ac8.00 cancellation fee<\/td><\/tr><tr><td><strong>&nbsp;<\/strong><\/td><\/tr><\/tbody><\/table><\/figure>\n\n\n\n<p><strong>Reimbursement will not be provided if the date of receipt of the written cancellation request is the day or later than the planned travel date (in case of a round trip, only the first date of travel matters).<\/strong><\/p>\n\n\n\n<p><strong>Article 9. RESPECTIVE TASKS OF THE CARS REGION SAVOIE SALE TUNNEL&nbsp;<\/strong><strong>AND THE TRANSPORTER \u2013 TRANSPORT CONDITIONS<\/strong><\/p>\n\n\n\n<p>The Customer acknowledges that cars-region-savoie.fr does not provide transport to the Customer, but only provides reservation and sales services stated in Article 3; its role is thus limited to selling the tickets of relevant Transporters.<\/p>\n\n\n\n<p>Consequently, the Customer acknowledges that:<\/p>\n\n\n\n<p>\u2013 That orders passed through the Reservation Center or the Customer relation center has completely fulfilled its obligations by providing the Customer with Transport tickets which are compliant with the order summary sent through e-mail in case of an order placed online, or communicated orally by the operator in case of a telephone order.<\/p>\n\n\n\n<p>\u2013&nbsp;<strong>Cars R\u00e9gion Savoie does not accept any liability as regards the execution of the transport, which is the exclusive responsibility of the Transporters in question.<\/strong><\/p>\n\n\n\n<p>The general transport conditions are available by clicking&nbsp;<a href=\"https:\/\/vente-bellesavoieexpress.fr\/general-conditions-of-carriage\/\" target=\"_blank\" rel=\"noreferrer noopener\">on this link<\/a>.<\/p>\n\n\n\n<p>The Customer thus undertakes to exclusively direct any dispute or claim related to the conditions of execution of the transport towards the Transporter in question.<\/p>\n\n\n\n<p><strong>Article 10. PROTECTION OF PERSONAL DATA<\/strong><\/p>\n\n\n\n<p><strong>10.1&nbsp;<\/strong>In compliance with the \u201cComputers and Freedoms\u201d law, the Cars R\u00e9gion Savoie portal&nbsp; is subject to declaration with the CNIL under no. 826413.<\/p>\n\n\n\n<p><strong>10.2&nbsp;<\/strong>The&nbsp;<a href=\"https:\/\/vente-bellesavoieexpress.fr\/legal-information\/\" target=\"_blank\" rel=\"noreferrer noopener\">information gathered<\/a>&nbsp;as part of the Reservation centre service is intended for the exclusive use ofCars R\u00e9gion Savoie. It allows Cars R\u00e9gion Savoie to send Customers their Tickets.<\/p>\n\n\n\n<p>The recipients of the data are Cars R\u00e9gion Savoie network (Auvergne Rh\u00f4ne-Alpes Region), Altibus.com which provides the online sales solution, and the coach company providing the transport.<\/p>\n\n\n\n<p><strong>10.3&nbsp;<\/strong>In compliance with the provisions of the Computers and Freedoms law, each Customer has the option of accessing data which they have entered during the reservation, and to modify or delete said data. The Customer may carry out these operations by sending an email to the address info@altibus.com, or sending a letter to Altibus \u2013 R\u00e9seau Cars R\u00e9gion Savoie \u2013 926, avenue de la Houille Blanche, 73000 CHAMBERY.<\/p>\n\n\n\n<p>If you do not wish to receive information from Val Thorens Tourism Office, you can write an email to info@altibus.com or relationclient@valthorens.com or write a letter to Altibus, 926, Avenue de la Houille Blanche, 73000 Chamb\u00e9ry.<\/p>\n\n\n\n<p><strong>Article 11. FORCE MAJEURE<\/strong><\/p>\n\n\n\n<p>Cars R\u00e9gion Savoie cannot be held liable if the execution of the General Conditions is delayed or prevented owing to a case of force majeure, or an act of god, attributable to the other party or a third party, or to external causes such as social conflicts or strikes, intervention of civil or military authorities, fires, flood damage, improper functioning or interruption of the telecommunications or electrical network, etc.<\/p>\n\n\n\n<p>In any event, Cars R\u00e9gion Savoie shall take its best efforts to limit the duration of the effects of acts of god, force majeure or external causes.<\/p>\n\n\n\n<p><strong>Article 12 \u2013 INTELLECTUAL PROPERTY<\/strong><\/p>\n\n\n\n<p>The accessible elements of the website, such as its information, trademarks, texts, images, photographs, maps, sounds and videos are protected under the rights of intellectual property.<\/p>\n\n\n\n<p>The reproduction or representation of all or part of any of these elements is strictly prohibited without prior written authorisation from the right-holder.<\/p>\n\n\n\n<p><strong>Article 13. MISCELLANOUS PROVISIONS<\/strong><\/p>\n\n\n\n<p><strong>13.1&nbsp;<\/strong>Cars R\u00e9gion Savoie reserves the right to unilaterally modify the terms of the General Conditions. The new clauses will be applicable to all the reservations made after their entry into force and only the new version shall prevail among the parties.<\/p>\n\n\n\n<p><strong>13.2&nbsp;<\/strong>The General Conditions express all the obligations of the parties. No other general or special condition can be included in the General Conditions without express authorisation from Cars R\u00e9gion Savoie.<\/p>\n\n\n\n<p><strong>13.3&nbsp;<\/strong>In the event one of the provisions in these conditions is considered as null and void owing to a legal or regulatory provision, present or future, or a court ruling carrying the authority for the matter judged and originating from a competent jurisdiction or organisation, this provision shall be considered as unwritten, and all other provisions of the General Conditions shall retain their mandatory nature among the Parties.<\/p>\n\n\n\n<p><strong>Article 14. APPLICABLE LAW AND COMPETENT JURISDICTION<\/strong><\/p>\n\n\n\n<p>The General Conditions are governed by French law. Any related dispute shall be referred to the competent court.<\/p>\n","protected":false},"excerpt":{"rendered":"<p>This section concerns the General Conditions of the Ticket Sale.The General Transport Conditions are specific to each bus company. They are available by clicking&nbsp;here. Article 1 DEFINITIONS Each of the terms mentioned below shall have the following meaning throughout these General Conditions (hereafter referred to as \u201cthe General Conditions\u201d): \u201ce-Ticket\u201d: refers to the digital tickets. [&hellip;]<\/p>\n","protected":false},"author":15,"featured_media":0,"parent":0,"menu_order":0,"comment_status":"closed","ping_status":"closed","template":"","meta":{"_acf_changed":false,"footnotes":""},"class_list":["post-8404","page","type-page","status-publish","hentry"],"acf":[],"publishpress_future_action":{"enabled":false,"date":"2026-05-17 17:28:16","action":"change-status","newStatus":"draft","terms":[],"taxonomy":"translation_priority","extraData":[]},"publishpress_future_workflow_manual_trigger":{"enabledWorkflows":[]},"_links":{"self":[{"href":"https:\/\/www.cars-region-savoie.fr\/en\/wp-json\/wp\/v2\/pages\/8404","targetHints":{"allow":["GET"]}}],"collection":[{"href":"https:\/\/www.cars-region-savoie.fr\/en\/wp-json\/wp\/v2\/pages"}],"about":[{"href":"https:\/\/www.cars-region-savoie.fr\/en\/wp-json\/wp\/v2\/types\/page"}],"author":[{"embeddable":true,"href":"https:\/\/www.cars-region-savoie.fr\/en\/wp-json\/wp\/v2\/users\/15"}],"replies":[{"embeddable":true,"href":"https:\/\/www.cars-region-savoie.fr\/en\/wp-json\/wp\/v2\/comments?post=8404"}],"version-history":[{"count":4,"href":"https:\/\/www.cars-region-savoie.fr\/en\/wp-json\/wp\/v2\/pages\/8404\/revisions"}],"predecessor-version":[{"id":9020,"href":"https:\/\/www.cars-region-savoie.fr\/en\/wp-json\/wp\/v2\/pages\/8404\/revisions\/9020"}],"wp:attachment":[{"href":"https:\/\/www.cars-region-savoie.fr\/en\/wp-json\/wp\/v2\/media?parent=8404"}],"curies":[{"name":"wp","href":"https:\/\/api.w.org\/{rel}","templated":true}]}}