{"id":8400,"date":"2022-10-17T21:08:04","date_gmt":"2022-10-17T19:08:04","guid":{"rendered":"https:\/\/www.cars-region-savoie.fr\/?page_id=8400"},"modified":"2022-10-17T21:08:49","modified_gmt":"2022-10-17T19:08:49","slug":"subscription-terms-and-conditions","status":"publish","type":"page","link":"https:\/\/www.cars-region-savoie.fr\/en\/subscription-terms-and-conditions\/","title":{"rendered":"Subscription terms and conditions"},"content":{"rendered":"\n<p>Monthly subscriptions on Cars R\u00e9gion Savoie network, reminder of its delivery conditions and control.<\/p>\n\n\n\n<p><strong>Monthly subscription:<\/strong><\/p>\n\n\n\n<p>The Cars R\u00e9gion Savoie monthly subscription gives access to the bus line selected during the purchase.<\/p>\n\n\n\n<p>Its prices list is different depending on the bus line.<\/p>\n\n\n\n<p>A subscription is for all users. It is valid from the first to the last day of each month. Using the bus network with a subscription from the previous month is tolerated within the first 3 days of the month. You can purchase your subscription from the 25th of the previous month to the 24th of the current month.<\/p>\n\n\n\n<p>It isn\u2019t possible to modify the month of your subscription, neither the bus line. The subscription can\u2019t be refunded.<\/p>\n\n\n\n<p>On bus lines S61, S62, S63, S64, S65, S66, S70, S71, S72, S80, S81, S82, S83, S30, S40, S41, S50, S51, S52, S53, the subscription can be bought on cars-region-savoie.fr. For the subscription to be valid, your card must have your picture on it.<\/p>\n\n\n\n<p>On bus lines S01, S02, S03, S04, S06, S07, the subscription must be loaded on a valid O\u00f9RA! Card. The O\u00f9RA! Card can be loaded at the Chamb\u00e9ry\u2019s bus station or on the <a href=\"http:\/\/www.oura.com\" target=\"_blank\" rel=\"noreferrer noopener\">www.oura.com<\/a> website.<\/p>\n\n\n\n<p>The monthly subscription is different from the Savoie Pass.<\/p>\n","protected":false},"excerpt":{"rendered":"<p>Monthly subscriptions on Cars R\u00e9gion Savoie network, reminder of its delivery conditions and control. Monthly subscription: The Cars R\u00e9gion Savoie monthly subscription gives access to the bus line selected during the purchase. Its prices list is different depending on the bus line. A subscription is for all users. It is valid from the first to [&hellip;]<\/p>\n","protected":false},"author":15,"featured_media":0,"parent":0,"menu_order":0,"comment_status":"closed","ping_status":"closed","template":"","meta":{"_acf_changed":false,"footnotes":""},"class_list":["post-8400","page","type-page","status-publish","hentry"],"acf":[],"publishpress_future_action":{"enabled":false,"date":"2026-05-14 04:29:15","action":"change-status","newStatus":"draft","terms":[],"taxonomy":"translation_priority","extraData":[]},"publishpress_future_workflow_manual_trigger":{"enabledWorkflows":[]},"_links":{"self":[{"href":"https:\/\/www.cars-region-savoie.fr\/en\/wp-json\/wp\/v2\/pages\/8400","targetHints":{"allow":["GET"]}}],"collection":[{"href":"https:\/\/www.cars-region-savoie.fr\/en\/wp-json\/wp\/v2\/pages"}],"about":[{"href":"https:\/\/www.cars-region-savoie.fr\/en\/wp-json\/wp\/v2\/types\/page"}],"author":[{"embeddable":true,"href":"https:\/\/www.cars-region-savoie.fr\/en\/wp-json\/wp\/v2\/users\/15"}],"replies":[{"embeddable":true,"href":"https:\/\/www.cars-region-savoie.fr\/en\/wp-json\/wp\/v2\/comments?post=8400"}],"version-history":[{"count":2,"href":"https:\/\/www.cars-region-savoie.fr\/en\/wp-json\/wp\/v2\/pages\/8400\/revisions"}],"predecessor-version":[{"id":8403,"href":"https:\/\/www.cars-region-savoie.fr\/en\/wp-json\/wp\/v2\/pages\/8400\/revisions\/8403"}],"wp:attachment":[{"href":"https:\/\/www.cars-region-savoie.fr\/en\/wp-json\/wp\/v2\/media?parent=8400"}],"curies":[{"name":"wp","href":"https:\/\/api.w.org\/{rel}","templated":true}]}}