{"id":8392,"date":"2022-10-17T21:04:08","date_gmt":"2022-10-17T19:04:08","guid":{"rendered":"https:\/\/www.cars-region-savoie.fr\/?page_id=8392"},"modified":"2025-11-13T09:28:56","modified_gmt":"2025-11-13T08:28:56","slug":"bus-stops-map","status":"publish","type":"page","link":"https:\/\/www.cars-region-savoie.fr\/en\/bus-stops-map\/","title":{"rendered":"Bus stops map"},"content":{"rendered":"\t\t<div data-elementor-type=\"wp-page\" data-elementor-id=\"8392\" class=\"elementor elementor-8392\">\n\t\t\t\t\t\t<section class=\"elementor-section elementor-top-section elementor-element elementor-element-afd8da3 elementor-section-boxed elementor-section-height-default elementor-section-height-default\" data-id=\"afd8da3\" data-element_type=\"section\">\n\t\t\t\t\t\t<div class=\"elementor-container elementor-column-gap-default\">\n\t\t\t\t\t<div class=\"elementor-column elementor-col-100 elementor-top-column elementor-element elementor-element-e910cfb\" data-id=\"e910cfb\" data-element_type=\"column\">\n\t\t\t<div class=\"elementor-widget-wrap elementor-element-populated\">\n\t\t\t\t\t\t<div class=\"elementor-element elementor-element-4034e80 elementor-widget elementor-widget-text-editor\" data-id=\"4034e80\" data-element_type=\"widget\" data-widget_type=\"text-editor.default\">\n\t\t\t\t<div class=\"elementor-widget-container\">\n\t\t\t\t\t\t\t\t\t<p>Use the map to see the different bus stops available. You can also use one of the links below to directly view the complete list of bus stops by area. Click<b>\u00a0<a href=\"https:\/\/www.cars-region-savoie.fr\/wp-content\/uploads\/2025\/11\/Plan_reseau_Savoie.pdf\" target=\"_blank\" rel=\"noopener\">here<\/a>\u00a0<\/b>to consult the network map in pdf format.<\/p>\t\t\t\t\t\t\t\t<\/div>\n\t\t\t\t<\/div>\n\t\t\t\t\t<\/div>\n\t\t<\/div>\n\t\t\t\t\t<\/div>\n\t\t<\/section>\n\t\t\t\t<section class=\"elementor-section elementor-top-section elementor-element elementor-element-68c4f00 elementor-section-boxed elementor-section-height-default elementor-section-height-default\" data-id=\"68c4f00\" data-element_type=\"section\">\n\t\t\t\t\t\t<div class=\"elementor-container elementor-column-gap-default\">\n\t\t\t\t\t<div class=\"elementor-column elementor-col-33 elementor-top-column elementor-element elementor-element-f72ed76\" data-id=\"f72ed76\" data-element_type=\"column\">\n\t\t\t<div class=\"elementor-widget-wrap elementor-element-populated\">\n\t\t\t\t\t\t<div class=\"elementor-element elementor-element-e027b0f elementor-align-center elementor-widget elementor-widget-button\" data-id=\"e027b0f\" data-element_type=\"widget\" data-widget_type=\"button.default\">\n\t\t\t\t<div class=\"elementor-widget-container\">\n\t\t\t\t\t\t\t\t\t<div class=\"elementor-button-wrapper\">\n\t\t\t\t\t<a class=\"elementor-button elementor-button-link elementor-size-md\" href=\"https:\/\/www.cars-region-savoie.fr\/en\/bus-stops-map\/#:~:text=Bus%20stops%20list-,Aime%20area,-AIME%20Aire%20de\">\n\t\t\t\t\t\t<span class=\"elementor-button-content-wrapper\">\n\t\t\t\t\t\t\t\t\t<span class=\"elementor-button-text\">Bus stops: Aime area<\/span>\n\t\t\t\t\t<\/span>\n\t\t\t\t\t<\/a>\n\t\t\t\t<\/div>\n\t\t\t\t\t\t\t\t<\/div>\n\t\t\t\t<\/div>\n\t\t\t\t\t<\/div>\n\t\t<\/div>\n\t\t\t\t<div class=\"elementor-column elementor-col-33 elementor-top-column elementor-element elementor-element-b63a534\" data-id=\"b63a534\" data-element_type=\"column\">\n\t\t\t<div class=\"elementor-widget-wrap elementor-element-populated\">\n\t\t\t\t\t\t<div class=\"elementor-element elementor-element-625f826 elementor-align-center elementor-widget elementor-widget-button\" data-id=\"625f826\" data-element_type=\"widget\" data-widget_type=\"button.default\">\n\t\t\t\t<div class=\"elementor-widget-container\">\n\t\t\t\t\t\t\t\t\t<div class=\"elementor-button-wrapper\">\n\t\t\t\t\t<a class=\"elementor-button elementor-button-link elementor-size-md\" href=\"https:\/\/www.cars-region-savoie.fr\/en\/bus-stops-map\/#:~:text=PLANGAGNANT-,Bourg%2DSaint%2DMaurice%20area,-BOURG%20SAINT%20MAURICE\">\n\t\t\t\t\t\t<span class=\"elementor-button-content-wrapper\">\n\t\t\t\t\t\t\t\t\t<span class=\"elementor-button-text\">Bus stops: Bourg-Saint-Maurice area<\/span>\n\t\t\t\t\t<\/span>\n\t\t\t\t\t<\/a>\n\t\t\t\t<\/div>\n\t\t\t\t\t\t\t\t<\/div>\n\t\t\t\t<\/div>\n\t\t\t\t\t<\/div>\n\t\t<\/div>\n\t\t\t\t<div class=\"elementor-column elementor-col-33 elementor-top-column elementor-element elementor-element-adc43ef\" data-id=\"adc43ef\" data-element_type=\"column\">\n\t\t\t<div class=\"elementor-widget-wrap elementor-element-populated\">\n\t\t\t\t\t\t<div class=\"elementor-element elementor-element-b79b8cf elementor-align-center elementor-widget elementor-widget-button\" data-id=\"b79b8cf\" data-element_type=\"widget\" data-widget_type=\"button.default\">\n\t\t\t\t<div class=\"elementor-widget-container\">\n\t\t\t\t\t\t\t\t\t<div class=\"elementor-button-wrapper\">\n\t\t\t\t\t<a class=\"elementor-button elementor-button-link elementor-size-md\" href=\"https:\/\/www.cars-region-savoie.fr\/en\/bus-stops-map\/#:~:text=VILLARD%20DESSUS-,Modane%20\/%20Saint%2DMichel%2Dde%2DMaurienne%20area,-AUSSOIS%20Centre\">\n\t\t\t\t\t\t<span class=\"elementor-button-content-wrapper\">\n\t\t\t\t\t\t\t\t\t<span class=\"elementor-button-text\">Bus stops: Modane \/ Saint-Michel-de-Maurienne\u200b area<\/span>\n\t\t\t\t\t<\/span>\n\t\t\t\t\t<\/a>\n\t\t\t\t<\/div>\n\t\t\t\t\t\t\t\t<\/div>\n\t\t\t\t<\/div>\n\t\t\t\t\t<\/div>\n\t\t<\/div>\n\t\t\t\t\t<\/div>\n\t\t<\/section>\n\t\t\t\t<section class=\"elementor-section elementor-top-section elementor-element elementor-element-cfa3467 elementor-section-boxed elementor-section-height-default elementor-section-height-default\" data-id=\"cfa3467\" data-element_type=\"section\">\n\t\t\t\t\t\t<div class=\"elementor-container elementor-column-gap-default\">\n\t\t\t\t\t<div class=\"elementor-column elementor-col-50 elementor-top-column elementor-element elementor-element-a0ab0e5\" data-id=\"a0ab0e5\" data-element_type=\"column\">\n\t\t\t<div class=\"elementor-widget-wrap elementor-element-populated\">\n\t\t\t\t\t\t<div class=\"elementor-element elementor-element-487f004 elementor-align-center elementor-widget elementor-widget-button\" data-id=\"487f004\" data-element_type=\"widget\" data-widget_type=\"button.default\">\n\t\t\t\t<div class=\"elementor-widget-container\">\n\t\t\t\t\t\t\t\t\t<div class=\"elementor-button-wrapper\">\n\t\t\t\t\t<a class=\"elementor-button elementor-button-link elementor-size-md\" href=\"https:\/\/www.cars-region-savoie.fr\/en\/bus-stops-map\/#:~:text=Aire%20de%20Chainage-,Moutiers%20area,-AIGUEBLANCHE\">\n\t\t\t\t\t\t<span class=\"elementor-button-content-wrapper\">\n\t\t\t\t\t\t\t\t\t<span class=\"elementor-button-text\">Bus stops: Moutiers area<\/span>\n\t\t\t\t\t<\/span>\n\t\t\t\t\t<\/a>\n\t\t\t\t<\/div>\n\t\t\t\t\t\t\t\t<\/div>\n\t\t\t\t<\/div>\n\t\t\t\t\t<\/div>\n\t\t<\/div>\n\t\t\t\t<div class=\"elementor-column elementor-col-50 elementor-top-column elementor-element elementor-element-99c0ece\" data-id=\"99c0ece\" data-element_type=\"column\">\n\t\t\t<div class=\"elementor-widget-wrap elementor-element-populated\">\n\t\t\t\t\t\t<div class=\"elementor-element elementor-element-3d4a65d elementor-align-center elementor-widget elementor-widget-button\" data-id=\"3d4a65d\" data-element_type=\"widget\" data-widget_type=\"button.default\">\n\t\t\t\t<div class=\"elementor-widget-container\">\n\t\t\t\t\t\t\t\t\t<div class=\"elementor-button-wrapper\">\n\t\t\t\t\t<a class=\"elementor-button elementor-button-link elementor-size-md\" href=\"https:\/\/www.cars-region-savoie.fr\/en\/bus-stops-map\/#:~:text=VILLARD%20DU%20PLANAY-,Saint%2DAvre%20area,-LA%20CHAMBRE%20MAIRIE\">\n\t\t\t\t\t\t<span class=\"elementor-button-content-wrapper\">\n\t\t\t\t\t\t\t\t\t<span class=\"elementor-button-text\">Bus stops: Saint-Avre area<\/span>\n\t\t\t\t\t<\/span>\n\t\t\t\t\t<\/a>\n\t\t\t\t<\/div>\n\t\t\t\t\t\t\t\t<\/div>\n\t\t\t\t<\/div>\n\t\t\t\t\t<\/div>\n\t\t<\/div>\n\t\t\t\t\t<\/div>\n\t\t<\/section>\n\t\t\t\t<section class=\"elementor-section elementor-top-section elementor-element elementor-element-287f1887 elementor-section-boxed elementor-section-height-default elementor-section-height-default\" data-id=\"287f1887\" data-element_type=\"section\">\n\t\t\t\t\t\t<div class=\"elementor-container elementor-column-gap-default\">\n\t\t\t\t\t<div class=\"elementor-column elementor-col-100 elementor-top-column elementor-element elementor-element-555a4661\" data-id=\"555a4661\" data-element_type=\"column\">\n\t\t\t<div class=\"elementor-widget-wrap elementor-element-populated\">\n\t\t\t\t\t\t<div class=\"elementor-element elementor-element-4978ff7f elementor-widget elementor-widget-text-editor\" data-id=\"4978ff7f\" data-element_type=\"widget\" data-widget_type=\"text-editor.default\">\n\t\t\t\t<div class=\"elementor-widget-container\">\n\t\t\t\t\t\t\t\t\t<p><iframe src=\"https:\/\/www.google.com\/maps\/d\/u\/0\/embed?mid=18KH4ZC-6hXNOZKI5XKQMU_EX4bxWrHcw&amp;ehbc=2E312F\" width=\"100%\" height=\"480\"><\/iframe><\/p>\n\t\t\t\t\t\t\t\t<\/div>\n\t\t\t\t<\/div>\n\t\t\t\t\t<\/div>\n\t\t<\/div>\n\t\t\t\t\t<\/div>\n\t\t<\/section>\n\t\t\t\t<section class=\"elementor-section elementor-top-section elementor-element elementor-element-df9a943 elementor-section-boxed elementor-section-height-default elementor-section-height-default\" data-id=\"df9a943\" data-element_type=\"section\">\n\t\t\t\t\t\t<div class=\"elementor-container elementor-column-gap-default\">\n\t\t\t\t\t<div class=\"elementor-column elementor-col-100 elementor-top-column elementor-element elementor-element-72613d7\" data-id=\"72613d7\" data-element_type=\"column\">\n\t\t\t<div class=\"elementor-widget-wrap elementor-element-populated\">\n\t\t\t\t\t\t<div class=\"elementor-element elementor-element-be9ea60 elementor-align-center elementor-widget elementor-widget-button\" data-id=\"be9ea60\" data-element_type=\"widget\" data-widget_type=\"button.default\">\n\t\t\t\t<div class=\"elementor-widget-container\">\n\t\t\t\t\t\t\t\t\t<div class=\"elementor-button-wrapper\">\n\t\t\t\t\t<a class=\"elementor-button elementor-button-link elementor-size-xl\" href=\"https:\/\/vente.cars-region-savoie.fr\/Reservationen\">\n\t\t\t\t\t\t<span class=\"elementor-button-content-wrapper\">\n\t\t\t\t\t\t\t\t\t<span class=\"elementor-button-text\">Buy a ticket<\/span>\n\t\t\t\t\t<\/span>\n\t\t\t\t\t<\/a>\n\t\t\t\t<\/div>\n\t\t\t\t\t\t\t\t<\/div>\n\t\t\t\t<\/div>\n\t\t\t\t\t<\/div>\n\t\t<\/div>\n\t\t\t\t\t<\/div>\n\t\t<\/section>\n\t\t\t\t<section class=\"elementor-section elementor-top-section elementor-element elementor-element-307d8e1 elementor-section-boxed elementor-section-height-default elementor-section-height-default\" data-id=\"307d8e1\" data-element_type=\"section\">\n\t\t\t\t\t\t<div class=\"elementor-container elementor-column-gap-default\">\n\t\t\t\t\t<div class=\"elementor-column elementor-col-100 elementor-top-column elementor-element elementor-element-b1bc5af\" data-id=\"b1bc5af\" data-element_type=\"column\">\n\t\t\t<div class=\"elementor-widget-wrap elementor-element-populated\">\n\t\t\t\t\t\t<div class=\"elementor-element elementor-element-172abd2 elementor-widget elementor-widget-heading\" data-id=\"172abd2\" data-element_type=\"widget\" data-widget_type=\"heading.default\">\n\t\t\t\t<div class=\"elementor-widget-container\">\n\t\t\t\t\t<h2 class=\"elementor-heading-title elementor-size-default\">Bus stops list<\/h2>\t\t\t\t<\/div>\n\t\t\t\t<\/div>\n\t\t\t\t\t<\/div>\n\t\t<\/div>\n\t\t\t\t\t<\/div>\n\t\t<\/section>\n\t\t\t\t<section class=\"elementor-section elementor-top-section elementor-element elementor-element-e4dec28 elementor-section-boxed elementor-section-height-default elementor-section-height-default\" data-id=\"e4dec28\" data-element_type=\"section\">\n\t\t\t\t\t\t<div class=\"elementor-container elementor-column-gap-default\">\n\t\t\t\t\t<div class=\"elementor-column elementor-col-100 elementor-top-column elementor-element elementor-element-f4fb5f4\" data-id=\"f4fb5f4\" data-element_type=\"column\">\n\t\t\t<div class=\"elementor-widget-wrap elementor-element-populated\">\n\t\t\t\t\t\t<div class=\"elementor-element elementor-element-d91e9f9 elementor-widget elementor-widget-heading\" data-id=\"d91e9f9\" data-element_type=\"widget\" data-widget_type=\"heading.default\">\n\t\t\t\t<div class=\"elementor-widget-container\">\n\t\t\t\t\t<h3 class=\"elementor-heading-title elementor-size-default\">Aime area<\/h3>\t\t\t\t<\/div>\n\t\t\t\t<\/div>\n\t\t\t\t<div class=\"elementor-element elementor-element-eec6a18 elementor-widget elementor-widget-text-editor\" data-id=\"eec6a18\" data-element_type=\"widget\" data-widget_type=\"text-editor.default\">\n\t\t\t\t<div class=\"elementor-widget-container\">\n\t\t\t\t\t\t\t\t\t<ul>\n<li>AIME Aire de Chainage<\/li>\n<li>AIME Gare<\/li>\n<li>BELLE PLAGNE Phoenix<\/li>\n<li>CRETE COTE<\/li>\n<li>LA ROCHE DU BAS<\/li>\n<li>LANDRY Gare<\/li>\n<li>LES CHARMETTES<\/li>\n<li>LES COCHES Le Rami<\/li>\n<li>LES COCHES Office de Tourisme<\/li>\n<li>LES HAUTS BOIS<\/li>\n<li>MACOT Centre<\/li>\n<li>MONTALBERT Centre<\/li>\n<li>MONTALBERT Centre Jean Franco<\/li>\n<li>MONTALBERT Chanteloup<\/li>\n<li>MONTALBERT Dou de la Ramaz<\/li>\n<li>MONTALBERT Ecole Primaire Longefoy<\/li>\n<li>MONTALBERT La Lauziere<\/li>\n<li>MONTALBERT Le Gentil<\/li>\n<li>MONTALBERT Les Sitelles<\/li>\n<li>MONTCHAVIN Poste de Police<\/li>\n<li>MONTORLIN<\/li>\n<li>PLAGNE 1800 Bas<\/li>\n<li>PLAGNE 1800 Haut<\/li>\n<li>PLAGNE Aime 2000<\/li>\n<li>PLAGNE Aime 2000 bas<\/li>\n<li>PLAGNE Bellecote<\/li>\n<li>PLAGNE Centre<\/li>\n<li>PLAGNE Parking 2100<\/li>\n<li>PLAGNE Soleil Le Cervin<\/li>\n<li>PLAGNE Soleil Les Granges du Soleil<\/li>\n<li>PLAGNE Village Arrivee Telebus<\/li>\n<li>PLAGNE Village Sommet<\/li>\n<li>PLANGAGNANT<\/li>\n<\/ul>\t\t\t\t\t\t\t\t<\/div>\n\t\t\t\t<\/div>\n\t\t\t\t\t<\/div>\n\t\t<\/div>\n\t\t\t\t\t<\/div>\n\t\t<\/section>\n\t\t\t\t<section class=\"elementor-section elementor-top-section elementor-element elementor-element-03eb4a6 elementor-section-boxed elementor-section-height-default elementor-section-height-default\" data-id=\"03eb4a6\" data-element_type=\"section\">\n\t\t\t\t\t\t<div class=\"elementor-container elementor-column-gap-default\">\n\t\t\t\t\t<div class=\"elementor-column elementor-col-100 elementor-top-column elementor-element elementor-element-8c4ee63\" data-id=\"8c4ee63\" data-element_type=\"column\">\n\t\t\t<div class=\"elementor-widget-wrap elementor-element-populated\">\n\t\t\t\t\t\t<div class=\"elementor-element elementor-element-9237da3 elementor-widget elementor-widget-heading\" data-id=\"9237da3\" data-element_type=\"widget\" data-widget_type=\"heading.default\">\n\t\t\t\t<div class=\"elementor-widget-container\">\n\t\t\t\t\t<h3 class=\"elementor-heading-title elementor-size-default\">Bourg-Saint-Maurice area<\/h3>\t\t\t\t<\/div>\n\t\t\t\t<\/div>\n\t\t\t\t<div class=\"elementor-element elementor-element-0c15182 elementor-widget elementor-widget-text-editor\" data-id=\"0c15182\" data-element_type=\"widget\" data-widget_type=\"text-editor.default\">\n\t\t\t\t<div class=\"elementor-widget-container\">\n\t\t\t\t\t\t\t\t\t<ul>\n<li>BOURG SAINT MAURICE<\/li>\n<li>CHAMPAIX<\/li>\n<li>CHATELARD<\/li>\n<li>LA MILLERETTE<\/li>\n<li>LA RECULAZ<\/li>\n<li>LA ROSIERE Le Camping<\/li>\n<li>LA ROSIERE Les Eucherts<\/li>\n<li>LA ROSIERE Office de Tourisme<\/li>\n<li>LA THUILE<\/li>\n<li>LE BELVEDERE<\/li>\n<li>LE NOYERAY<\/li>\n<li>LE VILLARET<\/li>\n<li>LE VILLARET DU NIAL<\/li>\n<li>LONGEFOY<\/li>\n<li>MONTVALEZAN<\/li>\n<li>PLANZAPUT<\/li>\n<li>SAINTE FOY TARENTAISE Chef Lieu<\/li>\n<li>SAINTE FOY TARENTAISE Station Arr\u00eat Navette<\/li>\n<li>SAINTE FOY TARENTAISE Station La Bataillette<\/li>\n<li>SEEZ POSTE<\/li>\n<li>TIGNES 1800<\/li>\n<li>TIGNES Le Lac<\/li>\n<li>TIGNES Les Boisses<\/li>\n<li>TIGNES Les Br\u00e9vi\u00e8res<\/li>\n<li>TIGNES Val Claret<\/li>\n<li>VAL D&#8217;ISERE Nouvelle Gare Routi\u00e8re<\/li>\n<li>VICLAIRE<\/li>\n<li>VILLARD DESSOUS<\/li>\n<li>VILLARD DESSUS<\/li>\n<\/ul>\t\t\t\t\t\t\t\t<\/div>\n\t\t\t\t<\/div>\n\t\t\t\t\t<\/div>\n\t\t<\/div>\n\t\t\t\t\t<\/div>\n\t\t<\/section>\n\t\t\t\t<section class=\"elementor-section elementor-top-section elementor-element elementor-element-191e3cd elementor-section-boxed elementor-section-height-default elementor-section-height-default\" data-id=\"191e3cd\" data-element_type=\"section\">\n\t\t\t\t\t\t<div class=\"elementor-container elementor-column-gap-default\">\n\t\t\t\t\t<div class=\"elementor-column elementor-col-100 elementor-top-column elementor-element elementor-element-d1da096\" data-id=\"d1da096\" data-element_type=\"column\">\n\t\t\t<div class=\"elementor-widget-wrap elementor-element-populated\">\n\t\t\t\t\t\t<div class=\"elementor-element elementor-element-fa7ef06 elementor-widget elementor-widget-heading\" data-id=\"fa7ef06\" data-element_type=\"widget\" data-widget_type=\"heading.default\">\n\t\t\t\t<div class=\"elementor-widget-container\">\n\t\t\t\t\t<h3 class=\"elementor-heading-title elementor-size-default\">Modane \/ Saint-Michel-de-Maurienne area<\/h3>\t\t\t\t<\/div>\n\t\t\t\t<\/div>\n\t\t\t\t<div class=\"elementor-element elementor-element-e07edb9 elementor-widget elementor-widget-text-editor\" data-id=\"e07edb9\" data-element_type=\"widget\" data-widget_type=\"text-editor.default\">\n\t\t\t\t<div class=\"elementor-widget-container\">\n\t\t\t\t\t\t\t\t\t<ul>\n<li>AUSSOIS Centre<\/li>\n<li>AUSSOIS La Buidonni\u00e8re<\/li>\n<li>AUSSOIS Le Coin<\/li>\n<li>AUSSOIS Le Longec\u00f4te<\/li>\n<li>AUSSOIS Maison d&#8217;Aussois<\/li>\n<li>AUSSOIS Parking De La Tompaz<\/li>\n<li>AUSSOIS Plan de la Croix<\/li>\n<li>AVRIEUX<\/li>\n<li>BESSANS<\/li>\n<li>BESSANS La Chalp<\/li>\n<li>BONNEVAL SUR ARC<\/li>\n<li>BRAMANS<\/li>\n<li>BRAMANS Rond Point des Grands Pr\u00e9s<\/li>\n<li>LA NORMA<\/li>\n<li>LE BOURGET<\/li>\n<li>LE BOURGET Rocher des Amoureux<\/li>\n<li>MODANE Gare<\/li>\n<li>MODANE H\u00f4tel de Ville<\/li>\n<li>MODANE Loutraz<\/li>\n<li>SAINT JEAN DE MAURIENNE<\/li>\n<li>SAINT MARTIN D&#8217;ARC<\/li>\n<li>SAINT MICHEL DE MAURIENNE<\/li>\n<li>SARDIERES<\/li>\n<li>SOLLIERES<\/li>\n<li>SOLLIERES Mairie<\/li>\n<li>TERMIGNON<\/li>\n<li>VALCENIS Lanslebourg Folgo\u00ebt &#8211; Plan Champs<\/li>\n<li>VALCENIS Lanslebourg OT &#8211; Eglise<\/li>\n<li>VALCENIS Lanslevillard<\/li>\n<li>VALFREJUS<\/li>\n<li>VALLOIRE Centre<\/li>\n<li>VALLOIRE Les Verneys<\/li>\n<li>VALMEINIER 1500<\/li>\n<li>VALMEINIER 1800<\/li>\n<li>VILLARODIN<\/li>\n<li>VILLARODIN Aire de Chainage<\/li>\n<\/ul>\t\t\t\t\t\t\t\t<\/div>\n\t\t\t\t<\/div>\n\t\t\t\t\t<\/div>\n\t\t<\/div>\n\t\t\t\t\t<\/div>\n\t\t<\/section>\n\t\t\t\t<section class=\"elementor-section elementor-top-section elementor-element elementor-element-8e5d586 elementor-section-boxed elementor-section-height-default elementor-section-height-default\" data-id=\"8e5d586\" data-element_type=\"section\">\n\t\t\t\t\t\t<div class=\"elementor-container elementor-column-gap-default\">\n\t\t\t\t\t<div class=\"elementor-column elementor-col-100 elementor-top-column elementor-element elementor-element-3d2866c\" data-id=\"3d2866c\" data-element_type=\"column\">\n\t\t\t<div class=\"elementor-widget-wrap elementor-element-populated\">\n\t\t\t\t\t\t<div class=\"elementor-element elementor-element-1c91d15 elementor-widget elementor-widget-heading\" data-id=\"1c91d15\" data-element_type=\"widget\" data-widget_type=\"heading.default\">\n\t\t\t\t<div class=\"elementor-widget-container\">\n\t\t\t\t\t<h3 class=\"elementor-heading-title elementor-size-default\">Moutiers area<\/h3>\t\t\t\t<\/div>\n\t\t\t\t<\/div>\n\t\t\t\t<div class=\"elementor-element elementor-element-2eaf5e1 elementor-widget elementor-widget-text-editor\" data-id=\"2eaf5e1\" data-element_type=\"widget\" data-widget_type=\"text-editor.default\">\n\t\t\t\t<div class=\"elementor-widget-container\">\n\t\t\t\t\t\t\t\t\t<ul>\n<li>AIGUEBLANCHE<\/li>\n<li>BOZEL Mairie<\/li>\n<li>BRIDES LES BAINS Boulangerie<\/li>\n<li>BRIDES LES BAINS Les Sybelles<\/li>\n<li>BRIDES LES BAINS Office du Tourisme<\/li>\n<li>CHAMPAGNY EN VANOISE Les Rochers<\/li>\n<li>CHAMPAGNY EN<\/li>\n<li>VANOISE Office du Tourisme<\/li>\n<li>CHAMPAGNY EN VANOISE Salle des F\u00eates<\/li>\n<li>COURCHEVEL Gare Routi\u00e8re 1850<\/li>\n<li>COURCHEVEL Le Praz 1300<\/li>\n<li>COURCHEVEL Le Village 1550<\/li>\n<li>COURCHEVEL Le Village 1550 Grebiers<\/li>\n<li>COURCHEVEL Le Village 1550 La Chouli\u00e8re<\/li>\n<li>COURCHEVEL Moriond 1650<\/li>\n<li>COURCHEVEL Moriond 1650 Ariondaz<\/li>\n<li>COURCHEVEL Moriond 1650 La Corbi\u00e8re<\/li>\n<li>COURCHEVEL Saint-Bon le Bas<\/li>\n<li>COURCHEVEL Saint-Bon le Haut<\/li>\n<li>DOUCY<\/li>\n<li>LA PERRIERE Centre<\/li>\n<li>LA PERRIERE Vignotan<\/li>\n<li>LA TANIA<\/li>\n<li>LE BOIS<\/li>\n<li>LES AVANCHERS<\/li>\n<li>LES BELLEVILLE Les Frenes<\/li>\n<li>LES BELLEVILLE Les Granges<\/li>\n<li>LES BELLEVILLE Les Varcins<\/li>\n<li>LES BELLEVILLE Levassaix<\/li>\n<li>LES BELLEVILLE Praranger<\/li>\n<li>LES BELLEVILLE Saint Marcel<\/li>\n<li>LES BELLEVILLE Villarbon<\/li>\n<li>LES MENUIRES<\/li>\n<li>MERIBEL Altiport<\/li>\n<li>MERIBEL Altitude 1600<\/li>\n<li>MERIBEL Centre<\/li>\n<li>MERIBEL Interm\u00e9diaire T\u00e9l\u00e9port\u00e9 des Chalets<\/li>\n<li>MERIBEL Le Plateau<\/li>\n<li>MERIBEL Les Allues Mairie<\/li>\n<li>MERIBEL Les Barons<\/li>\n<li>MERIBEL Mottaret Le Chatelet<\/li>\n<li>MERIBEL Mottaret Le Hameau Laitelet<\/li>\n<li>MERIBEL Mottaret Office du Tourisme<\/li>\n<li>MERIBEL MUSILLON<\/li>\n<li>MERIBEL Rond Point Des Pistes<\/li>\n<li>MERIBEL Village<\/li>\n<li>MOUTIERS<\/li>\n<li>PLANAY<\/li>\n<li>PRALOGNAN LA VANOISE Airelles<\/li>\n<li>PRALOGNAN LA VANOISE Bouquetin<\/li>\n<li>PRALOGNAN LA VANOISE La Croix<\/li>\n<li>PRALOGNAN LA VANOISE La Grande Cord\u00e9e<\/li>\n<li>PRALOGNAN LA VANOISE Les Granges<\/li>\n<li>PRALOGNAN LA VANOISE Pont du Vah<\/li>\n<li>SAINT BON TARENTAISE LE FONTANIL<\/li>\n<li>SAINT BON TARENTAISE LE GRAND CARREY<\/li>\n<li>SAINT BON TARENTAISE ROND POINT<\/li>\n<li>SAINT JEAN DE BELLEVILLE Chef Lieu<\/li>\n<li>SAINT JEAN DE BELLEVILLE Villarly<\/li>\n<li>SAINT MARTIN DE BELLEVILLE Les Grangeraies<\/li>\n<li>SAINT MARTIN DE BELLEVILLE Mairie<\/li>\n<li>SALINS-FONTAINE Fontaine le puits<\/li>\n<li>SALINS-FONTAINE Salins Les Thermes<\/li>\n<li>VAL THORENS Place des Arolles<\/li>\n<li>VAL THORENS Place Peclet<\/li>\n<li>VAL THORENS UCPA<\/li>\n<li>VALMOREL Bourg Morel<\/li>\n<li>VALMOREL Cr\u00e8ve C\u0153ur<\/li>\n<li>VALMOREL Le Pr\u00e9<\/li>\n<li>VILLARD DU PLANAY<\/li>\n<\/ul>\t\t\t\t\t\t\t\t<\/div>\n\t\t\t\t<\/div>\n\t\t\t\t\t<\/div>\n\t\t<\/div>\n\t\t\t\t\t<\/div>\n\t\t<\/section>\n\t\t\t\t<section class=\"elementor-section elementor-top-section elementor-element elementor-element-8076cef elementor-section-boxed elementor-section-height-default elementor-section-height-default\" data-id=\"8076cef\" data-element_type=\"section\">\n\t\t\t\t\t\t<div class=\"elementor-container elementor-column-gap-default\">\n\t\t\t\t\t<div class=\"elementor-column elementor-col-100 elementor-top-column elementor-element elementor-element-9e0e1b9\" data-id=\"9e0e1b9\" data-element_type=\"column\">\n\t\t\t<div class=\"elementor-widget-wrap elementor-element-populated\">\n\t\t\t\t\t\t<div class=\"elementor-element elementor-element-b3f3955 elementor-widget elementor-widget-heading\" data-id=\"b3f3955\" data-element_type=\"widget\" data-widget_type=\"heading.default\">\n\t\t\t\t<div class=\"elementor-widget-container\">\n\t\t\t\t\t<h3 class=\"elementor-heading-title elementor-size-default\">Saint-Avre area<\/h3>\t\t\t\t<\/div>\n\t\t\t\t<\/div>\n\t\t\t\t<div class=\"elementor-element elementor-element-07a3ba5 elementor-widget elementor-widget-text-editor\" data-id=\"07a3ba5\" data-element_type=\"widget\" data-widget_type=\"text-editor.default\">\n\t\t\t\t<div class=\"elementor-widget-container\">\n\t\t\t\t\t\t\t\t\t<ul>\n<li>LA CHAMBRE MAIRIE<\/li>\n<li>SAINT AVRE LA CHAMBRE<\/li>\n<li>SAINT ETIENNE DE CUINES COLLEGE<\/li>\n<li>SAINT FRANCOIS LONGCHAMP 1450 ATC<\/li>\n<li>SAINT FRANCOIS LONGCHAMP 1450 EDELWEISS<\/li>\n<li>SAINT FRANCOIS LONGCHAMP 1450 MAIRIE<\/li>\n<li>SAINT FRANCOIS LONGCHAMP 1650 BALCON 4 VALLEES<\/li>\n<li>SAINT FRANCOIS LONGCHAMP 1650 CRET VILLOT<\/li>\n<li>SAINT FRANCOIS LONGCHAMP 1650 L AIGLE<\/li>\n<li>SAINT FRANCOIS LONGCHAMP 1650 LA LAUZIERE<\/li>\n<li>SAINT FRANCOIS LONGCHAMP 1650 LA MADELEINE<\/li>\n<li>SAINT FRANCOIS LONGCHAMP 1650 LA PERELLE<\/li>\n<li>SAINT FRANCOIS LONGCHAMP 1650 LES LONGES<\/li>\n<li>SAINT FRANCOIS LONGCHAMP L EPALUD<\/li>\n<li>SAINT FRANCOIS LONGCHAMP LE PLANET<\/li>\n<li>SAINT MARTIN SUR LA CHAMBRE LA CROIX DES RAMEAUX<\/li>\n<li>SAINT MARTIN SUR LA CHAMBRE MONTAILLER<\/li>\n<li>SAINT MARTIN SUR LA CHAMBRE MONTOUDRAS<\/li>\n<\/ul>\t\t\t\t\t\t\t\t<\/div>\n\t\t\t\t<\/div>\n\t\t\t\t\t<\/div>\n\t\t<\/div>\n\t\t\t\t\t<\/div>\n\t\t<\/section>\n\t\t\t\t<\/div>\n\t\t","protected":false},"excerpt":{"rendered":"<p>Use the map to see the different bus stops available. You can also use one of the links below to directly view the complete list of bus stops by area. Click\u00a0here\u00a0to consult the network map in pdf format. Bus stops: Aime area Bus stops: Bourg-Saint-Maurice area Bus stops: Modane \/ Saint-Michel-de-Maurienne\u200b area Bus stops: Moutiers [&hellip;]<\/p>\n","protected":false},"author":15,"featured_media":0,"parent":0,"menu_order":0,"comment_status":"closed","ping_status":"closed","template":"","meta":{"_acf_changed":false,"footnotes":""},"class_list":["post-8392","page","type-page","status-publish","hentry"],"acf":[],"publishpress_future_action":{"enabled":false,"date":"2026-05-17 16:39:49","action":"change-status","newStatus":"draft","terms":[],"taxonomy":"translation_priority","extraData":[]},"publishpress_future_workflow_manual_trigger":{"enabledWorkflows":[]},"_links":{"self":[{"href":"https:\/\/www.cars-region-savoie.fr\/en\/wp-json\/wp\/v2\/pages\/8392","targetHints":{"allow":["GET"]}}],"collection":[{"href":"https:\/\/www.cars-region-savoie.fr\/en\/wp-json\/wp\/v2\/pages"}],"about":[{"href":"https:\/\/www.cars-region-savoie.fr\/en\/wp-json\/wp\/v2\/types\/page"}],"author":[{"embeddable":true,"href":"https:\/\/www.cars-region-savoie.fr\/en\/wp-json\/wp\/v2\/users\/15"}],"replies":[{"embeddable":true,"href":"https:\/\/www.cars-region-savoie.fr\/en\/wp-json\/wp\/v2\/comments?post=8392"}],"version-history":[{"count":18,"href":"https:\/\/www.cars-region-savoie.fr\/en\/wp-json\/wp\/v2\/pages\/8392\/revisions"}],"predecessor-version":[{"id":10204,"href":"https:\/\/www.cars-region-savoie.fr\/en\/wp-json\/wp\/v2\/pages\/8392\/revisions\/10204"}],"wp:attachment":[{"href":"https:\/\/www.cars-region-savoie.fr\/en\/wp-json\/wp\/v2\/media?parent=8392"}],"curies":[{"name":"wp","href":"https:\/\/api.w.org\/{rel}","templated":true}]}}